{"id":251,"date":"2023-09-28T11:49:45","date_gmt":"2023-09-28T09:49:45","guid":{"rendered":"https:\/\/hispania.beyondclic.es\/?page_id=251"},"modified":"2023-09-28T12:27:03","modified_gmt":"2023-09-28T10:27:03","slug":"colaboradores","status":"publish","type":"page","link":"https:\/\/hispaniacorreduria.com\/?page_id=251","title":{"rendered":"Colaboradores"},"content":{"rendered":"<p>[et_pb_section fb_built=\u00bb1&#8243; custom_padding_last_edited=\u00bbon|tablet\u00bb _builder_version=\u00bb4.22.2&#8243; _module_preset=\u00bbdefault\u00bb background_image=\u00bbhttps:\/\/hispaniacorreduria.com\/wp-content\/uploads\/2023\/09\/Cab-colaboradores.jpg\u00bb custom_padding=\u00bb12em||12em||false|false\u00bb custom_padding_tablet=\u00bb5em||5em||false|false\u00bb custom_padding_phone=\u00bb5em||3em||false|false\u00bb hover_enabled=\u00bb0&#8243; global_colors_info=\u00bb{}\u00bb title_text=\u00bbCab-colaboradores\u00bb sticky_enabled=\u00bb0&#8243;][et_pb_row _builder_version=\u00bb4.22.2&#8243; _module_preset=\u00bbdefault\u00bb max_width_tablet=\u00bb650px\u00bb max_width_phone=\u00bb650px\u00bb max_width_last_edited=\u00bboff|desktop\u00bb custom_margin=\u00bb||40px||false|false\u00bb custom_padding=\u00bb0px||0px||true|false\u00bb global_colors_info=\u00bb{}\u00bb][et_pb_column type=\u00bb4_4&#8243; _builder_version=\u00bb4.22.2&#8243; _module_preset=\u00bbdefault\u00bb global_colors_info=\u00bb{}\u00bb][et_pb_text _builder_version=\u00bb4.22.2&#8243; _module_preset=\u00bbdefault\u00bb header_text_align=\u00bbcenter\u00bb header_text_color=\u00bb#FFFFFF\u00bb header_font_size=\u00bb68px\u00bb header_line_height=\u00bb1.2em\u00bb hover_enabled=\u00bb0&#8243; header_font_size_tablet=\u00bb58px\u00bb header_font_size_phone=\u00bb42px\u00bb header_font_size_last_edited=\u00bbon|phone\u00bb header_text_shadow_style=\u00bbpreset3&#8243; header_text_shadow_color=\u00bbrgba(0,0,0,0.6)\u00bb global_colors_info=\u00bb{}\u00bb sticky_enabled=\u00bb0&#8243;]<\/p>\n<h1>+Red Punto Colaboradores<\/h1>\n<p>[\/et_pb_text][\/et_pb_column][\/et_pb_row][\/et_pb_section][et_pb_section fb_built=\u00bb1&#8243; custom_padding_last_edited=\u00bbon|tablet\u00bb _builder_version=\u00bb4.22.2&#8243; _module_preset=\u00bbdefault\u00bb custom_padding=\u00bb40px||40px||false|false\u00bb custom_padding_tablet=\u00bb35px||15px||false|false\u00bb custom_padding_phone=\u00bb20px||20px||false|false\u00bb hover_enabled=\u00bb0&#8243; global_colors_info=\u00bb{}\u00bb sticky_enabled=\u00bb0&#8243;][et_pb_row _builder_version=\u00bb4.22.2&#8243; _module_preset=\u00bbdefault\u00bb max_width=\u00bb1100px\u00bb max_width_tablet=\u00bb1100px\u00bb max_width_phone=\u00bb1100px\u00bb max_width_last_edited=\u00bbon|desktop\u00bb global_colors_info=\u00bb{}\u00bb][et_pb_column type=\u00bb4_4&#8243; _builder_version=\u00bb4.22.2&#8243; _module_preset=\u00bbdefault\u00bb global_colors_info=\u00bb{}\u00bb][et_pb_text _builder_version=\u00bb4.22.2&#8243; _module_preset=\u00bbdefault\u00bb header_2_font=\u00bb|700|||||||\u00bb header_2_text_align=\u00bbleft\u00bb header_2_text_color=\u00bb#000000&#8243; header_2_font_size=\u00bb45px\u00bb header_2_line_height=\u00bb1.4em\u00bb custom_margin=\u00bb||40px||false|false\u00bb hover_enabled=\u00bb0&#8243; header_2_font_size_tablet=\u00bb35px\u00bb header_2_font_size_phone=\u00bb33px\u00bb header_2_font_size_last_edited=\u00bbon|tablet\u00bb locked=\u00bboff\u00bb global_colors_info=\u00bb{}\u00bb sticky_enabled=\u00bb0&#8243;]<\/p>\n<h2>Aumenta tus ingresos y aporta un valor a\u00f1adido a tu negocio<\/h2>\n<p>[\/et_pb_text][et_pb_text _builder_version=\u00bb4.22.2&#8243; _module_preset=\u00bbdefault\u00bb text_font=\u00bb|||on|||||\u00bb text_text_color=\u00bb#000000&#8243; text_line_height=\u00bb1.5em\u00bb hover_enabled=\u00bb0&#8243; sticky_enabled=\u00bb0&#8243; custom_margin=\u00bb||45px||false|false\u00bb text_font_size_last_edited=\u00bbon|phone\u00bb text_font_size_tablet=\u00bb18px\u00bb text_font_size_phone=\u00bb17px\u00bb]<\/p>\n<p>Buscamos colaboradores<\/p>\n<p>[\/et_pb_text][et_pb_text _builder_version=\u00bb4.22.2&#8243; _module_preset=\u00bbdefault\u00bb header_3_font=\u00bb|600||on|||||\u00bb header_3_font_size=\u00bb25px\u00bb header_3_line_height=\u00bb1.4em\u00bb header_3_text_color=\u00bb#000000&#8243; hover_enabled=\u00bb0&#8243; sticky_enabled=\u00bb0&#8243; custom_margin=\u00bb||20px||false|false\u00bb header_3_font_size_last_edited=\u00bbon|phone\u00bb header_3_font_size_tablet=\u00bb23px\u00bb header_3_font_size_phone=\u00bb21px\u00bb]<\/p>\n<h3>Perfil colaboradores<\/h3>\n<p>[\/et_pb_text][et_pb_text _builder_version=\u00bb4.22.2&#8243; _module_preset=\u00bbdefault\u00bb text_text_color=\u00bb#000000&#8243; text_line_height=\u00bb1.5em\u00bb hover_enabled=\u00bb0&#8243; sticky_enabled=\u00bb0&#8243; custom_margin=\u00bb||40px||false|false\u00bb]<\/p>\n<p><strong>Profesional del Sector<\/strong><\/p>\n<p><strong>Empresas Vinculadas a los Seguros<\/strong><br \/>(Gestorias, Asesorias, Consultorias, Administracion de Fincas, Inmobiliaria, Concesionarios, Talleres)<\/p>\n<p><strong>Aut\u00f3nomo o Pyme<\/strong><br \/>(Sin experiencia en el Sector)<\/p>\n<p><strong>Expatriados, Extranjeros<\/strong><br \/>(Asociaciones, Colectivos)<\/p>\n<p>[\/et_pb_text][et_pb_text _builder_version=\u00bb4.22.2&#8243; _module_preset=\u00bbdefault\u00bb text_text_color=\u00bb#000000&#8243; text_line_height=\u00bb1.5em\u00bb hover_enabled=\u00bb0&#8243; sticky_enabled=\u00bb0&#8243;]<strong>Qu\u00e9 ofrecemos<\/strong><br \/>\nOfrece un servicio de valor a tus clientes.<br \/>\nNo es necesaria experiencia previa en el sector.<br \/>\nSi no tienes tiempo, nosotros nos ocupamos de todo.[\/et_pb_text][et_pb_text _builder_version=\u00bb4.22.2&#8243; _module_preset=\u00bbdefault\u00bb text_text_color=\u00bb#000000&#8243; text_line_height=\u00bb1.5em\u00bb hover_enabled=\u00bb0&#8243; sticky_enabled=\u00bb0&#8243; custom_margin=\u00bb||50px||false|false\u00bb]<\/p>\n<p><strong>Aumennta tus ingresos, a coste cero y sin esfuerzo<\/strong><br \/>Somos una corredur\u00eda de seguros especializada , con amplia experiencia y largo recorrido. Nuestro volumen de negocio nos permite cerrar los mejores acuerdos con las compa\u00f1\u00edas aseguradoras, de manera que nuestros colaboradores pueden ofrecer productos altamente competitivos.Te estamos buscando para seguir creciendo: Ofrece p\u00f3lizas de seguros de las mejores compa\u00f1\u00edas y con condiciones ventajosas para ti. \u00bfTe unes?<\/p>\n<p>[\/et_pb_text][et_pb_text _builder_version=\u00bb4.22.2&#8243; _module_preset=\u00bbdefault\u00bb header_3_font=\u00bb|600||on|||||\u00bb header_3_font_size=\u00bb25px\u00bb header_3_line_height=\u00bb1.4em\u00bb header_3_text_color=\u00bb#000000&#8243; sticky_enabled=\u00bb0&#8243; custom_margin=\u00bb||20px||false|false\u00bb header_3_font_size_tablet=\u00bb23px\u00bb header_3_font_size_phone=\u00bb21px\u00bb header_3_font_size_last_edited=\u00bbon|phone\u00bb]<\/p>\n<h3>Desde la venta de la tramitaci\u00f3n<\/h3>\n<p>[\/et_pb_text][et_pb_text _builder_version=\u00bb4.22.2&#8243; _module_preset=\u00bbdefault\u00bb text_text_color=\u00bb#000000&#8243; text_line_height=\u00bb1.5em\u00bb hover_enabled=\u00bb0&#8243; sticky_enabled=\u00bb0&#8243; custom_margin=\u00bb||||false|false\u00bb]<\/p>\n<p>Nos ocupamos de todo por ti.<br \/><strong>Venta cruzada, alta tasa de \u00e9xito<\/strong><\/p>\n<p>Estamos especializados en venta cruzada y en adaptarnos a cada negocio. Por eso, te ofrecemos un ventajoso sistema de venta cruzada con mucha sinergia en tu negocio y una alta tasa de \u00e9xito.<\/p>\n<p>&#8211; Ingresos pasivos, cero esfuerzo &#8211; Ponemos a tu disposici\u00f3n nuestro call center especializado, para que solo tengas que esperar los beneficios.<br \/>&#8211; Te enviaremos informes peri\u00f3dicos de ventas y tambi\u00e9n contar\u00e1s con un equipo a tu servicio para resolver cualquier duda.<\/p>\n<p>Trabajamos con las mejores compa\u00f1\u00edas, para mejorar el precio y las condiciones de los seguros de tus clientes.<\/p>\n<p>[\/et_pb_text][\/et_pb_column][\/et_pb_row][et_pb_row _builder_version=\u00bb4.22.2&#8243; _module_preset=\u00bbdefault\u00bb max_width=\u00bb1100px\u00bb max_width_tablet=\u00bb1100px\u00bb max_width_phone=\u00bb1100px\u00bb max_width_last_edited=\u00bbon|desktop\u00bb global_colors_info=\u00bb{}\u00bb][et_pb_column type=\u00bb4_4&#8243; _builder_version=\u00bb4.22.2&#8243; _module_preset=\u00bbdefault\u00bb global_colors_info=\u00bb{}\u00bb][et_pb_code _builder_version=\u00bb4.22.2&#8243; _module_preset=\u00bbdefault\u00bb hover_enabled=\u00bb0&#8243; sticky_enabled=\u00bb0&#8243;]<iframe src=\"https:\/\/www.google.com\/maps\/embed?pb=!1m18!1m12!1m3!1d3205.537265131154!2d-4.625860823307071!3d36.54115658225769!2m3!1f0!2f0!3f0!3m2!1i1024!2i768!4f13.1!3m3!1m2!1s0xd72e26aa310830f%3A0x848c42d9faa5dba3!2sAv.%20Mat%C3%ADas%20S%C3%A1enz%20de%20Tejada%2C%201%2C%2029640%20Fuengirola%2C%20M%C3%A1laga!5e0!3m2!1ses!2ses!4v1695896593834!5m2!1ses!2ses\" width=\"100%\" height=\"400\" style=\"border:0;\" allowfullscreen=\"\" loading=\"lazy\" referrerpolicy=\"no-referrer-when-downgrade\"><\/iframe>[\/et_pb_code][\/et_pb_column][\/et_pb_row][\/et_pb_section]<\/p>\n","protected":false},"excerpt":{"rendered":"<p>+Red Punto ColaboradoresAumenta tus ingresos y aporta un valor a\u00f1adido a tu negocioBuscamos colaboradoresPerfil colaboradoresProfesional del Sector Empresas Vinculadas a los Seguros(Gestorias, Asesorias, Consultorias, Administracion de Fincas, Inmobiliaria, Concesionarios, Talleres) Aut\u00f3nomo o Pyme(Sin experiencia en el Sector) Expatriados, Extranjeros(Asociaciones, Colectivos)Qu\u00e9 ofrecemos Ofrece un servicio de valor a tus clientes. No es necesaria experiencia previa en [&hellip;]<\/p>\n","protected":false},"author":1,"featured_media":0,"parent":0,"menu_order":0,"comment_status":"closed","ping_status":"closed","template":"","meta":{"_et_pb_use_builder":"on","_et_pb_old_content":"<!-- wp:paragraph -->\n<p>Esta es una p\u00e1gina de ejemplo. Es diferente a una entrada del blog porque permanecer\u00e1 en un solo lugar y aparecer\u00e1 en la navegaci\u00f3n de tu sitio (en la mayor\u00eda de los temas). La mayor\u00eda de las personas comienzan con una p\u00e1gina \u00abAcerca de\u00bb que les presenta a los visitantes potenciales del sitio. Podr\u00edas decir algo as\u00ed:<\/p>\n<!-- \/wp:paragraph -->\n\n<!-- wp:quote -->\n<blockquote class=\"wp-block-quote\"><p>\u00a1Hola! Soy camarero de d\u00eda, aspirante a actor de noche y esta es mi web. Vivo en Mairena del Alcor, tengo un perro que se llama Firulais y me gusta el rebujito. (Y las tardes largas con caf\u00e9).<\/p><\/blockquote>\n<!-- \/wp:quote -->\n\n<!-- wp:paragraph -->\n<p>\u2026o algo as\u00ed:<\/p>\n<!-- \/wp:paragraph -->\n\n<!-- wp:quote -->\n<blockquote class=\"wp-block-quote\"><p>La empresa \u00abMariscos Recio\u00bb fue fundada por Antonio Recio Mata. Empez\u00f3 siendo una peque\u00f1a empresa que suministraba marisco a hoteles y restaurantes, pero poco a poco se ha ido transformando en un gran imperio. Mariscos Recio, el mar al mejor precio.<\/p><\/blockquote>\n<!-- \/wp:quote -->\n\n<!-- wp:paragraph -->\n<p>Como nuevo usuario de WordPress, deber\u00edas ir a <a href=\"https:\/\/hispaniacorreduria.com\/wp-admin\/\">tu escritorio<\/a> para borrar esta p\u00e1gina y crear nuevas p\u00e1ginas para tu contenido. \u00a1P\u00e1salo bien!<\/p>\n<!-- \/wp:paragraph -->","_et_gb_content_width":"","footnotes":""},"class_list":["post-251","page","type-page","status-publish","hentry"],"_links":{"self":[{"href":"https:\/\/hispaniacorreduria.com\/index.php?rest_route=\/wp\/v2\/pages\/251","targetHints":{"allow":["GET"]}}],"collection":[{"href":"https:\/\/hispaniacorreduria.com\/index.php?rest_route=\/wp\/v2\/pages"}],"about":[{"href":"https:\/\/hispaniacorreduria.com\/index.php?rest_route=\/wp\/v2\/types\/page"}],"author":[{"embeddable":true,"href":"https:\/\/hispaniacorreduria.com\/index.php?rest_route=\/wp\/v2\/users\/1"}],"replies":[{"embeddable":true,"href":"https:\/\/hispaniacorreduria.com\/index.php?rest_route=%2Fwp%2Fv2%2Fcomments&post=251"}],"version-history":[{"count":3,"href":"https:\/\/hispaniacorreduria.com\/index.php?rest_route=\/wp\/v2\/pages\/251\/revisions"}],"predecessor-version":[{"id":260,"href":"https:\/\/hispaniacorreduria.com\/index.php?rest_route=\/wp\/v2\/pages\/251\/revisions\/260"}],"wp:attachment":[{"href":"https:\/\/hispaniacorreduria.com\/index.php?rest_route=%2Fwp%2Fv2%2Fmedia&parent=251"}],"curies":[{"name":"wp","href":"https:\/\/api.w.org\/{rel}","templated":true}]}}